{"id":271,"date":"2022-03-28T11:05:48","date_gmt":"2022-03-28T09:05:48","guid":{"rendered":"http:\/\/zgrnkci.cluster030.hosting.ovh.net\/private\/"},"modified":"2023-10-12T11:54:18","modified_gmt":"2023-10-12T09:54:18","slug":"prive","status":"publish","type":"page","link":"https:\/\/epic-events.lu\/fr\/prive\/","title":{"rendered":"Priv\u00e9"},"content":{"rendered":"","protected":false},"excerpt":{"rendered":"","protected":false},"author":1,"featured_media":0,"parent":0,"menu_order":0,"comment_status":"closed","ping_status":"closed","template":"template-page.php","meta":{"_acf_changed":false,"inline_featured_image":false,"footnotes":""},"class_list":["post-271","page","type-page","status-publish","hentry"],"acf":[],"yoast_head":"<!-- This site is optimized with the Yoast SEO plugin v27.3 - https:\/\/yoast.com\/product\/yoast-seo-wordpress\/ -->\n<title>Priv\u00e9 - EPIC EVENTS<\/title>\n<meta name=\"description\" content=\"Vous d\u00e9sirez organiser votre mariage, un bapt\u00eame, un anniversaire ou tout autre \u00e9v\u00e9nement priv\u00e9 ?\" \/>\n<meta name=\"robots\" content=\"index, follow, max-snippet:-1, max-image-preview:large, max-video-preview:-1\" \/>\n<link rel=\"canonical\" href=\"https:\/\/epic-events.lu\/fr\/prive\/\" \/>\n<meta property=\"og:locale\" content=\"fr_FR\" \/>\n<meta property=\"og:type\" content=\"article\" \/>\n<meta property=\"og:title\" content=\"Priv\u00e9 - EPIC EVENTS\" \/>\n<meta property=\"og:description\" content=\"Vous d\u00e9sirez organiser votre mariage, un bapt\u00eame, un anniversaire ou tout autre \u00e9v\u00e9nement priv\u00e9 ?\" \/>\n<meta property=\"og:url\" content=\"https:\/\/epic-events.lu\/fr\/prive\/\" \/>\n<meta property=\"og:site_name\" content=\"EPIC EVENTS\" \/>\n<meta property=\"article:publisher\" content=\"https:\/\/www.facebook.com\/EPIC-Events-Luxembourg-100937162239818\/\" \/>\n<meta property=\"article:modified_time\" content=\"2023-10-12T09:54:18+00:00\" \/>\n<meta name=\"twitter:card\" content=\"summary_large_image\" \/>\n<script type=\"application\/ld+json\" class=\"yoast-schema-graph\">{\"@context\":\"https:\\\/\\\/schema.org\",\"@graph\":[{\"@type\":\"WebPage\",\"@id\":\"https:\\\/\\\/epic-events.lu\\\/fr\\\/prive\\\/\",\"url\":\"https:\\\/\\\/epic-events.lu\\\/fr\\\/prive\\\/\",\"name\":\"Priv\u00e9 - EPIC EVENTS\",\"isPartOf\":{\"@id\":\"https:\\\/\\\/epic-events.lu\\\/#website\"},\"datePublished\":\"2022-03-28T09:05:48+00:00\",\"dateModified\":\"2023-10-12T09:54:18+00:00\",\"description\":\"Vous d\u00e9sirez organiser votre mariage, un bapt\u00eame, un anniversaire ou tout autre \u00e9v\u00e9nement priv\u00e9 ?\",\"breadcrumb\":{\"@id\":\"https:\\\/\\\/epic-events.lu\\\/fr\\\/prive\\\/#breadcrumb\"},\"inLanguage\":\"fr-FR\",\"potentialAction\":[{\"@type\":\"ReadAction\",\"target\":[\"https:\\\/\\\/epic-events.lu\\\/fr\\\/prive\\\/\"]}]},{\"@type\":\"BreadcrumbList\",\"@id\":\"https:\\\/\\\/epic-events.lu\\\/fr\\\/prive\\\/#breadcrumb\",\"itemListElement\":[{\"@type\":\"ListItem\",\"position\":1,\"name\":\"Home\",\"item\":\"https:\\\/\\\/epic-events.lu\\\/fr\\\/events\\\/\"},{\"@type\":\"ListItem\",\"position\":2,\"name\":\"Priv\u00e9\"}]},{\"@type\":\"WebSite\",\"@id\":\"https:\\\/\\\/epic-events.lu\\\/#website\",\"url\":\"https:\\\/\\\/epic-events.lu\\\/\",\"name\":\"EPIC EVENTS\",\"description\":\"Dites hello \u00e0 EPIC EVENTS, l\u2019agence \u00e9v\u00e9nementielle au Luxembourg\",\"publisher\":{\"@id\":\"https:\\\/\\\/epic-events.lu\\\/#organization\"},\"potentialAction\":[{\"@type\":\"SearchAction\",\"target\":{\"@type\":\"EntryPoint\",\"urlTemplate\":\"https:\\\/\\\/epic-events.lu\\\/?s={search_term_string}\"},\"query-input\":{\"@type\":\"PropertyValueSpecification\",\"valueRequired\":true,\"valueName\":\"search_term_string\"}}],\"inLanguage\":\"fr-FR\"},{\"@type\":\"Organization\",\"@id\":\"https:\\\/\\\/epic-events.lu\\\/#organization\",\"name\":\"EPIC EVENTS\",\"url\":\"https:\\\/\\\/epic-events.lu\\\/\",\"logo\":{\"@type\":\"ImageObject\",\"inLanguage\":\"fr-FR\",\"@id\":\"https:\\\/\\\/epic-events.lu\\\/#\\\/schema\\\/logo\\\/image\\\/\",\"url\":\"http:\\\/\\\/epic-events.lu\\\/wp-content\\\/uploads\\\/2022\\\/04\\\/logo-epic-events-1.png\",\"contentUrl\":\"http:\\\/\\\/epic-events.lu\\\/wp-content\\\/uploads\\\/2022\\\/04\\\/logo-epic-events-1.png\",\"width\":512,\"height\":512,\"caption\":\"EPIC EVENTS\"},\"image\":{\"@id\":\"https:\\\/\\\/epic-events.lu\\\/#\\\/schema\\\/logo\\\/image\\\/\"},\"sameAs\":[\"https:\\\/\\\/www.facebook.com\\\/EPIC-Events-Luxembourg-100937162239818\\\/\",\"https:\\\/\\\/www.instagram.com\\\/epic.events.lu\\\/\",\"https:\\\/\\\/lu.linkedin.com\\\/company\\\/epic-events-luxembourg\"]}]}<\/script>\n<!-- \/ Yoast SEO plugin. -->","yoast_head_json":{"title":"Priv\u00e9 - EPIC EVENTS","description":"Vous d\u00e9sirez organiser votre mariage, un bapt\u00eame, un anniversaire ou tout autre \u00e9v\u00e9nement priv\u00e9 ?","robots":{"index":"index","follow":"follow","max-snippet":"max-snippet:-1","max-image-preview":"max-image-preview:large","max-video-preview":"max-video-preview:-1"},"canonical":"https:\/\/epic-events.lu\/fr\/prive\/","og_locale":"fr_FR","og_type":"article","og_title":"Priv\u00e9 - EPIC EVENTS","og_description":"Vous d\u00e9sirez organiser votre mariage, un bapt\u00eame, un anniversaire ou tout autre \u00e9v\u00e9nement priv\u00e9 ?","og_url":"https:\/\/epic-events.lu\/fr\/prive\/","og_site_name":"EPIC EVENTS","article_publisher":"https:\/\/www.facebook.com\/EPIC-Events-Luxembourg-100937162239818\/","article_modified_time":"2023-10-12T09:54:18+00:00","twitter_card":"summary_large_image","schema":{"@context":"https:\/\/schema.org","@graph":[{"@type":"WebPage","@id":"https:\/\/epic-events.lu\/fr\/prive\/","url":"https:\/\/epic-events.lu\/fr\/prive\/","name":"Priv\u00e9 - EPIC EVENTS","isPartOf":{"@id":"https:\/\/epic-events.lu\/#website"},"datePublished":"2022-03-28T09:05:48+00:00","dateModified":"2023-10-12T09:54:18+00:00","description":"Vous d\u00e9sirez organiser votre mariage, un bapt\u00eame, un anniversaire ou tout autre \u00e9v\u00e9nement priv\u00e9 ?","breadcrumb":{"@id":"https:\/\/epic-events.lu\/fr\/prive\/#breadcrumb"},"inLanguage":"fr-FR","potentialAction":[{"@type":"ReadAction","target":["https:\/\/epic-events.lu\/fr\/prive\/"]}]},{"@type":"BreadcrumbList","@id":"https:\/\/epic-events.lu\/fr\/prive\/#breadcrumb","itemListElement":[{"@type":"ListItem","position":1,"name":"Home","item":"https:\/\/epic-events.lu\/fr\/events\/"},{"@type":"ListItem","position":2,"name":"Priv\u00e9"}]},{"@type":"WebSite","@id":"https:\/\/epic-events.lu\/#website","url":"https:\/\/epic-events.lu\/","name":"EPIC EVENTS","description":"Dites hello \u00e0 EPIC EVENTS, l\u2019agence \u00e9v\u00e9nementielle au Luxembourg","publisher":{"@id":"https:\/\/epic-events.lu\/#organization"},"potentialAction":[{"@type":"SearchAction","target":{"@type":"EntryPoint","urlTemplate":"https:\/\/epic-events.lu\/?s={search_term_string}"},"query-input":{"@type":"PropertyValueSpecification","valueRequired":true,"valueName":"search_term_string"}}],"inLanguage":"fr-FR"},{"@type":"Organization","@id":"https:\/\/epic-events.lu\/#organization","name":"EPIC EVENTS","url":"https:\/\/epic-events.lu\/","logo":{"@type":"ImageObject","inLanguage":"fr-FR","@id":"https:\/\/epic-events.lu\/#\/schema\/logo\/image\/","url":"http:\/\/epic-events.lu\/wp-content\/uploads\/2022\/04\/logo-epic-events-1.png","contentUrl":"http:\/\/epic-events.lu\/wp-content\/uploads\/2022\/04\/logo-epic-events-1.png","width":512,"height":512,"caption":"EPIC EVENTS"},"image":{"@id":"https:\/\/epic-events.lu\/#\/schema\/logo\/image\/"},"sameAs":["https:\/\/www.facebook.com\/EPIC-Events-Luxembourg-100937162239818\/","https:\/\/www.instagram.com\/epic.events.lu\/","https:\/\/lu.linkedin.com\/company\/epic-events-luxembourg"]}]}},"_links":{"self":[{"href":"https:\/\/epic-events.lu\/fr\/wp-json\/wp\/v2\/pages\/271","targetHints":{"allow":["GET"]}}],"collection":[{"href":"https:\/\/epic-events.lu\/fr\/wp-json\/wp\/v2\/pages"}],"about":[{"href":"https:\/\/epic-events.lu\/fr\/wp-json\/wp\/v2\/types\/page"}],"author":[{"embeddable":true,"href":"https:\/\/epic-events.lu\/fr\/wp-json\/wp\/v2\/users\/1"}],"replies":[{"embeddable":true,"href":"https:\/\/epic-events.lu\/fr\/wp-json\/wp\/v2\/comments?post=271"}],"version-history":[{"count":8,"href":"https:\/\/epic-events.lu\/fr\/wp-json\/wp\/v2\/pages\/271\/revisions"}],"predecessor-version":[{"id":581,"href":"https:\/\/epic-events.lu\/fr\/wp-json\/wp\/v2\/pages\/271\/revisions\/581"}],"wp:attachment":[{"href":"https:\/\/epic-events.lu\/fr\/wp-json\/wp\/v2\/media?parent=271"}],"curies":[{"name":"wp","href":"https:\/\/api.w.org\/{rel}","templated":true}]}}